{"id":2433,"date":"2024-08-04T07:50:18","date_gmt":"2024-08-04T07:50:18","guid":{"rendered":"https:\/\/moonaramanight.com\/wp10\/?page_id=2433"},"modified":"2024-08-04T18:12:23","modified_gmt":"2024-08-04T18:12:23","slug":"gratisy","status":"publish","type":"page","link":"https:\/\/yogiofnyc.com\/wp10\/pl\/sklepgratisy\/gratisy\/","title":{"rendered":"Gratisy"},"content":{"rendered":"\t\t<div data-elementor-type=\"wp-page\" data-elementor-id=\"2433\" class=\"elementor elementor-2433\" data-elementor-post-type=\"page\">\n\t\t\t\t<div class=\"elementor-element elementor-element-78e3964 e-con-full e-flex e-con e-parent\" data-id=\"78e3964\" data-element_type=\"container\" data-settings=\"{&quot;background_background&quot;:&quot;classic&quot;,&quot;jet_parallax_layout_list&quot;:[]}\">\n\t\t\t\t<div class=\"elementor-element elementor-element-7b077cc elementor-widget__width-inherit elementor-widget elementor-widget-heading\" data-id=\"7b077cc\" data-element_type=\"widget\" data-widget_type=\"heading.default\">\n\t\t\t\t<div class=\"elementor-widget-container\">\n\t\t\t<style>\/*! elementor - v3.23.0 - 05-08-2024 *\/\n.elementor-heading-title{padding:0;margin:0;line-height:1}.elementor-widget-heading .elementor-heading-title[class*=elementor-size-]>a{color:inherit;font-size:inherit;line-height:inherit}.elementor-widget-heading .elementor-heading-title.elementor-size-small{font-size:15px}.elementor-widget-heading .elementor-heading-title.elementor-size-medium{font-size:19px}.elementor-widget-heading .elementor-heading-title.elementor-size-large{font-size:29px}.elementor-widget-heading .elementor-heading-title.elementor-size-xl{font-size:39px}.elementor-widget-heading .elementor-heading-title.elementor-size-xxl{font-size:59px}<\/style><h2 class=\"elementor-heading-title elementor-size-default\">Chakra Meditations<\/h2>\t\t<\/div>\n\t\t\t\t<\/div>\n\t\t<div class=\"elementor-element elementor-element-9208e65 e-con-full custom-freebiespage-section-wrapper e-flex e-con e-child\" data-id=\"9208e65\" data-element_type=\"container\" data-settings=\"{&quot;jet_parallax_layout_list&quot;:[]}\">\n\t\t<div class=\"elementor-element elementor-element-386961a e-con-full custom-freebiespage-imagecolumn e-flex e-con e-child\" data-id=\"386961a\" data-element_type=\"container\" data-settings=\"{&quot;jet_parallax_layout_list&quot;:[]}\">\n\t\t\t\t<div class=\"elementor-element elementor-element-4695ef2 elementor-widget elementor-widget-video\" data-id=\"4695ef2\" data-element_type=\"widget\" data-settings=\"{&quot;youtube_url&quot;:&quot;https:\\\/\\\/youtu.be\\\/xPXmMWHWH_4&quot;,&quot;video_type&quot;:&quot;youtube&quot;,&quot;controls&quot;:&quot;yes&quot;}\" data-widget_type=\"video.default\">\n\t\t\t\t<div class=\"elementor-widget-container\">\n\t\t\t<style>\/*! elementor - v3.23.0 - 05-08-2024 *\/\n.elementor-widget-video .elementor-widget-container{overflow:hidden;transform:translateZ(0)}.elementor-widget-video .elementor-wrapper{aspect-ratio:var(--video-aspect-ratio)}.elementor-widget-video .elementor-wrapper iframe,.elementor-widget-video .elementor-wrapper video{height:100%;width:100%;display:flex;border:none;background-color:#000}@supports not (aspect-ratio:1\/1){.elementor-widget-video .elementor-wrapper{position:relative;overflow:hidden;height:0;padding-bottom:calc(100% \/ var(--video-aspect-ratio))}.elementor-widget-video .elementor-wrapper iframe,.elementor-widget-video .elementor-wrapper video{position:absolute;top:0;right:0;bottom:0;left:0}}.elementor-widget-video .elementor-open-inline .elementor-custom-embed-image-overlay{position:absolute;top:0;right:0;bottom:0;left:0;background-size:cover;background-position:50%}.elementor-widget-video .elementor-custom-embed-image-overlay{cursor:pointer;text-align:center}.elementor-widget-video .elementor-custom-embed-image-overlay:hover .elementor-custom-embed-play i{opacity:1}.elementor-widget-video .elementor-custom-embed-image-overlay img{display:block;width:100%;aspect-ratio:var(--video-aspect-ratio);-o-object-fit:cover;object-fit:cover;-o-object-position:center center;object-position:center center}@supports not (aspect-ratio:1\/1){.elementor-widget-video .elementor-custom-embed-image-overlay{position:relative;overflow:hidden;height:0;padding-bottom:calc(100% \/ var(--video-aspect-ratio))}.elementor-widget-video .elementor-custom-embed-image-overlay img{position:absolute;top:0;right:0;bottom:0;left:0}}.elementor-widget-video .e-hosted-video .elementor-video{-o-object-fit:cover;object-fit:cover}.e-con-inner>.elementor-widget-video,.e-con>.elementor-widget-video{width:var(--container-widget-width);--flex-grow:var(--container-widget-flex-grow)}<\/style>\t\t<div class=\"elementor-wrapper elementor-open-inline\">\n\t\t\t<div class=\"elementor-video\"><\/div>\t\t<\/div>\n\t\t\t\t<\/div>\n\t\t\t\t<\/div>\n\t\t\t\t<\/div>\n\t\t<div class=\"elementor-element elementor-element-d4296e5 e-con-full custom-freebiespage-textcolumn e-flex e-con e-child\" data-id=\"d4296e5\" data-element_type=\"container\" data-settings=\"{&quot;jet_parallax_layout_list&quot;:[]}\">\n\t\t\t\t<div class=\"elementor-element elementor-element-03fe6f1 animated-slow elementor-widget__width-inherit elementor-invisible elementor-widget elementor-widget-heading\" data-id=\"03fe6f1\" data-element_type=\"widget\" data-settings=\"{&quot;_animation&quot;:&quot;fadeInLeft&quot;}\" data-widget_type=\"heading.default\">\n\t\t\t\t<div class=\"elementor-widget-container\">\n\t\t\t<h2 class=\"elementor-heading-title elementor-size-default\">Trzecia czakra - Afirmacje splotu s\u0142onecznego<\/h2>\t\t<\/div>\n\t\t\t\t<\/div>\n\t\t\t\t<div class=\"elementor-element elementor-element-6d2d3a5 elementor-widget elementor-widget-text-editor\" data-id=\"6d2d3a5\" data-element_type=\"widget\" data-widget_type=\"text-editor.default\">\n\t\t\t\t<div class=\"elementor-widget-container\">\n\t\t\t<style>\/*! elementor - v3.23.0 - 05-08-2024 *\/\n.elementor-widget-text-editor.elementor-drop-cap-view-stacked .elementor-drop-cap{background-color:#69727d;color:#fff}.elementor-widget-text-editor.elementor-drop-cap-view-framed .elementor-drop-cap{color:#69727d;border:3px solid;background-color:transparent}.elementor-widget-text-editor:not(.elementor-drop-cap-view-default) .elementor-drop-cap{margin-top:8px}.elementor-widget-text-editor:not(.elementor-drop-cap-view-default) .elementor-drop-cap-letter{width:1em;height:1em}.elementor-widget-text-editor .elementor-drop-cap{float:left;text-align:center;line-height:1;font-size:50px}.elementor-widget-text-editor .elementor-drop-cap-letter{display:inline-block}<\/style>\t\t\t\t<p>Czujesz strach i w\u0105tpliwo\u015bci lub masz nisk\u0105 samoocen\u0119, ta medytacja jest dla Ciebie! Chc\u0119, aby\u015b w pe\u0142ni zaufa\u0142 sobie i nie pozwoli\u0142, aby strach lub w\u0105tpliwo\u015bci Ci\u0119 powstrzymywa\u0142y. Chc\u0119, aby\u015b mia\u0142 pewno\u015b\u0107 siebie i wiar\u0119 w swoje mo\u017cliwo\u015bci i cele. Chc\u0119, aby\u015b stan\u0105\u0142 w swojej mocy, mia\u0142 odwag\u0119 i si\u0142\u0119 do realizowania swoich cel\u00f3w, marze\u0144 i pragnie\u0144.<\/p>\t\t\t\t\t\t<\/div>\n\t\t\t\t<\/div>\n\t\t\t\t<\/div>\n\t\t\t\t<\/div>\n\t\t<div class=\"elementor-element elementor-element-2d48b70 e-con-full custom-freebiespage-section-wrapper e-flex e-con e-child\" data-id=\"2d48b70\" data-element_type=\"container\" data-settings=\"{&quot;jet_parallax_layout_list&quot;:[]}\">\n\t\t<div class=\"elementor-element elementor-element-63050db e-con-full custom-freebiespage-textcolumn e-flex e-con e-child\" data-id=\"63050db\" data-element_type=\"container\" data-settings=\"{&quot;jet_parallax_layout_list&quot;:[]}\">\n\t\t\t\t<div class=\"elementor-element elementor-element-d889676 animated-slow elementor-widget__width-inherit elementor-invisible elementor-widget elementor-widget-heading\" data-id=\"d889676\" data-element_type=\"widget\" data-settings=\"{&quot;_animation&quot;:&quot;fadeInLeft&quot;}\" data-widget_type=\"heading.default\">\n\t\t\t\t<div class=\"elementor-widget-container\">\n\t\t\t<h2 class=\"elementor-heading-title elementor-size-default\">R\u00f3wnowa\u017cenie czakr<\/h2>\t\t<\/div>\n\t\t\t\t<\/div>\n\t\t\t\t<div class=\"elementor-element elementor-element-bde43a0 elementor-widget elementor-widget-text-editor\" data-id=\"bde43a0\" data-element_type=\"widget\" data-widget_type=\"text-editor.default\">\n\t\t\t\t<div class=\"elementor-widget-container\">\n\t\t\t\t\t\t\t<p>Czy cierpisz na bezsenno\u015b\u0107? Czy Tw\u00f3j umys\u0142 jest nadmiernie pobudzony? Czy masz problemy z zasypianiem? Ta medytacja\/relaks pomo\u017ce Ci w naturalny spos\u00f3b zr\u00f3wnowa\u017cy\u0107 czakry, doprowadzaj\u0105c Ci\u0119 do stanu harmonii. Mo\u017cesz \u0107wiczy\u0107 codziennie i zobaczy\u0107 rezultaty. Nawet je\u015bli Twoje cia\u0142o jest chore, spr\u00f3buj to zrobi\u0107, poniewa\u017c w ko\u0144cu zwi\u0119kszy to Tw\u00f3j poziom energii.<\/p>\t\t\t\t\t\t<\/div>\n\t\t\t\t<\/div>\n\t\t\t\t<\/div>\n\t\t<div class=\"elementor-element elementor-element-b4e7e77 e-con-full custom-freebiespage-imagecolumn e-flex e-con e-child\" data-id=\"b4e7e77\" data-element_type=\"container\" data-settings=\"{&quot;jet_parallax_layout_list&quot;:[]}\">\n\t\t\t\t<div class=\"elementor-element elementor-element-0842df2 elementor-widget elementor-widget-video\" data-id=\"0842df2\" data-element_type=\"widget\" data-settings=\"{&quot;youtube_url&quot;:&quot;https:\\\/\\\/youtu.be\\\/iAPJaoGjOl8&quot;,&quot;video_type&quot;:&quot;youtube&quot;,&quot;controls&quot;:&quot;yes&quot;}\" data-widget_type=\"video.default\">\n\t\t\t\t<div class=\"elementor-widget-container\">\n\t\t\t\t\t<div class=\"elementor-wrapper elementor-open-inline\">\n\t\t\t<div class=\"elementor-video\"><\/div>\t\t<\/div>\n\t\t\t\t<\/div>\n\t\t\t\t<\/div>\n\t\t\t\t<\/div>\n\t\t\t\t<\/div>\n\t\t<div class=\"elementor-element elementor-element-4623665 e-con-full custom-freebiespage-section-wrapper e-flex e-con e-child\" data-id=\"4623665\" data-element_type=\"container\" data-settings=\"{&quot;jet_parallax_layout_list&quot;:[]}\">\n\t\t<div class=\"elementor-element elementor-element-ce796f3 e-con-full custom-freebiespage-imagecolumn e-flex e-con e-child\" data-id=\"ce796f3\" data-element_type=\"container\" data-settings=\"{&quot;jet_parallax_layout_list&quot;:[]}\">\n\t\t\t\t<div class=\"elementor-element elementor-element-b429647 elementor-widget elementor-widget-video\" data-id=\"b429647\" data-element_type=\"widget\" data-settings=\"{&quot;youtube_url&quot;:&quot;https:\\\/\\\/youtu.be\\\/9-XnWTKg4rk&quot;,&quot;video_type&quot;:&quot;youtube&quot;,&quot;controls&quot;:&quot;yes&quot;}\" data-widget_type=\"video.default\">\n\t\t\t\t<div class=\"elementor-widget-container\">\n\t\t\t\t\t<div class=\"elementor-wrapper elementor-open-inline\">\n\t\t\t<div class=\"elementor-video\"><\/div>\t\t<\/div>\n\t\t\t\t<\/div>\n\t\t\t\t<\/div>\n\t\t\t\t<\/div>\n\t\t<div class=\"elementor-element elementor-element-288978a e-con-full custom-freebiespage-textcolumn e-flex e-con e-child\" data-id=\"288978a\" data-element_type=\"container\" data-settings=\"{&quot;jet_parallax_layout_list&quot;:[]}\">\n\t\t\t\t<div class=\"elementor-element elementor-element-4829fba animated-slow elementor-widget__width-inherit elementor-invisible elementor-widget elementor-widget-heading\" data-id=\"4829fba\" data-element_type=\"widget\" data-settings=\"{&quot;_animation&quot;:&quot;fadeInLeft&quot;}\" data-widget_type=\"heading.default\">\n\t\t\t\t<div class=\"elementor-widget-container\">\n\t\t\t<h2 class=\"elementor-heading-title elementor-size-default\">Afirmacje czakry serca<\/h2>\t\t<\/div>\n\t\t\t\t<\/div>\n\t\t\t\t<div class=\"elementor-element elementor-element-4713384 elementor-widget elementor-widget-text-editor\" data-id=\"4713384\" data-element_type=\"widget\" data-widget_type=\"text-editor.default\">\n\t\t\t\t<div class=\"elementor-widget-container\">\n\t\t\t\t\t\t\t<p>4. Czakra Serca \ud83d\udc9a Czakra &#8211; Mi\u0142o\u015b\u0107 Bezwarunkowa Pozwalam sobie na otwarto\u015b\u0107 na dawanie i otrzymywanie mi\u0142o\u015bci bez obawy przed odrzuceniem. Daj\u0119, nie oczekuj\u0105c uznania ani uznania w zamian. Ucz\u0119 innych, jak mnie kocha\u0107 i szanowa\u0107, poprzez to, jak kocham i szanuj\u0119 siebie.<\/p>\t\t\t\t\t\t<\/div>\n\t\t\t\t<\/div>\n\t\t\t\t<\/div>\n\t\t\t\t<\/div>\n\t\t<div class=\"elementor-element elementor-element-c69c841 e-con-full custom-freebiespage-section-wrapper e-flex e-con e-child\" data-id=\"c69c841\" data-element_type=\"container\" data-settings=\"{&quot;jet_parallax_layout_list&quot;:[]}\">\n\t\t<div class=\"elementor-element elementor-element-ebfb16b e-con-full custom-freebiespage-textcolumn e-flex e-con e-child\" data-id=\"ebfb16b\" data-element_type=\"container\" data-settings=\"{&quot;jet_parallax_layout_list&quot;:[]}\">\n\t\t\t\t<div class=\"elementor-element elementor-element-0abcfc4 animated-slow elementor-widget__width-inherit elementor-invisible elementor-widget elementor-widget-heading\" data-id=\"0abcfc4\" data-element_type=\"widget\" data-settings=\"{&quot;_animation&quot;:&quot;fadeInLeft&quot;}\" data-widget_type=\"heading.default\">\n\t\t\t\t<div class=\"elementor-widget-container\">\n\t\t\t<h2 class=\"elementor-heading-title elementor-size-default\">Medytacja trzeciego oka<\/h2>\t\t<\/div>\n\t\t\t\t<\/div>\n\t\t\t\t<div class=\"elementor-element elementor-element-bd4c16b elementor-widget elementor-widget-text-editor\" data-id=\"bd4c16b\" data-element_type=\"widget\" data-widget_type=\"text-editor.default\">\n\t\t\t\t<div class=\"elementor-widget-container\">\n\t\t\t\t\t\t\t<p>Czy mia\u0142e\u015b trudno\u015bci z otwarciem trzeciego oka lub sz\u00f3stej czakry, intuicji &#8211; wewn\u0119trznego jasnowidzenia, ta medytacja jest dla ciebie.<\/p>\t\t\t\t\t\t<\/div>\n\t\t\t\t<\/div>\n\t\t\t\t<\/div>\n\t\t<div class=\"elementor-element elementor-element-1f270f5 e-con-full custom-freebiespage-imagecolumn e-flex e-con e-child\" data-id=\"1f270f5\" data-element_type=\"container\" data-settings=\"{&quot;jet_parallax_layout_list&quot;:[]}\">\n\t\t\t\t<div class=\"elementor-element elementor-element-097f6d5 elementor-widget elementor-widget-video\" data-id=\"097f6d5\" data-element_type=\"widget\" data-settings=\"{&quot;youtube_url&quot;:&quot;https:\\\/\\\/youtu.be\\\/tqCnWl2fpgM&quot;,&quot;video_type&quot;:&quot;youtube&quot;,&quot;controls&quot;:&quot;yes&quot;}\" data-widget_type=\"video.default\">\n\t\t\t\t<div class=\"elementor-widget-container\">\n\t\t\t\t\t<div class=\"elementor-wrapper elementor-open-inline\">\n\t\t\t<div class=\"elementor-video\"><\/div>\t\t<\/div>\n\t\t\t\t<\/div>\n\t\t\t\t<\/div>\n\t\t\t\t<\/div>\n\t\t\t\t<\/div>\n\t\t<div class=\"elementor-element elementor-element-d531fc9 e-con-full custom-freebiespage-section-wrapper e-flex e-con e-child\" data-id=\"d531fc9\" data-element_type=\"container\" data-settings=\"{&quot;jet_parallax_layout_list&quot;:[]}\">\n\t\t<div class=\"elementor-element elementor-element-faa65a9 e-con-full custom-freebiespage-imagecolumn e-flex e-con e-child\" data-id=\"faa65a9\" data-element_type=\"container\" data-settings=\"{&quot;jet_parallax_layout_list&quot;:[]}\">\n\t\t\t\t<div class=\"elementor-element elementor-element-736178b elementor-widget elementor-widget-video\" data-id=\"736178b\" data-element_type=\"widget\" data-settings=\"{&quot;youtube_url&quot;:&quot;https:\\\/\\\/youtu.be\\\/pgxZ8vwE31Y&quot;,&quot;video_type&quot;:&quot;youtube&quot;,&quot;controls&quot;:&quot;yes&quot;}\" data-widget_type=\"video.default\">\n\t\t\t\t<div class=\"elementor-widget-container\">\n\t\t\t\t\t<div class=\"elementor-wrapper elementor-open-inline\">\n\t\t\t<div class=\"elementor-video\"><\/div>\t\t<\/div>\n\t\t\t\t<\/div>\n\t\t\t\t<\/div>\n\t\t\t\t<\/div>\n\t\t<div class=\"elementor-element elementor-element-6a690bc e-con-full custom-freebiespage-textcolumn e-flex e-con e-child\" data-id=\"6a690bc\" data-element_type=\"container\" data-settings=\"{&quot;jet_parallax_layout_list&quot;:[]}\">\n\t\t\t\t<div class=\"elementor-element elementor-element-2736715 animated-slow elementor-widget__width-inherit elementor-invisible elementor-widget elementor-widget-heading\" data-id=\"2736715\" data-element_type=\"widget\" data-settings=\"{&quot;_animation&quot;:&quot;fadeInLeft&quot;}\" data-widget_type=\"heading.default\">\n\t\t\t\t<div class=\"elementor-widget-container\">\n\t\t\t<h2 class=\"elementor-heading-title elementor-size-default\">Afirmacje czakry korony<\/h2>\t\t<\/div>\n\t\t\t\t<\/div>\n\t\t\t\t<div class=\"elementor-element elementor-element-ecf0e37 elementor-widget elementor-widget-text-editor\" data-id=\"ecf0e37\" data-element_type=\"widget\" data-widget_type=\"text-editor.default\">\n\t\t\t\t<div class=\"elementor-widget-container\">\n\t\t\t\t\t\t\t<p>Witaj w mojej Afirmacji\/Aktywacji Si\u00f3dmej Czakry, je\u015bli szukasz wzmocnienia po\u0142\u0105czenia z Bosko\u015bci\u0105, ta medytacja\/afirmacja jest dla Ciebie.<\/p>\t\t\t\t\t\t<\/div>\n\t\t\t\t<\/div>\n\t\t\t\t<\/div>\n\t\t\t\t<\/div>\n\t\t\t\t<\/div>\n\t\t\t\t<\/div>\n\t\t","protected":false},"excerpt":{"rendered":"<p>Chakra Meditations Trzecia czakra &#8211; Afirmacje splotu s\u0142onecznego Czujesz strach i w\u0105tpliwo\u015bci lub masz nisk\u0105 samoocen\u0119, ta medytacja jest dla Ciebie! Chc\u0119, aby\u015b w pe\u0142ni zaufa\u0142 sobie i nie pozwoli\u0142, aby strach lub w\u0105tpliwo\u015bci Ci\u0119 powstrzymywa\u0142y. Chc\u0119, aby\u015b mia\u0142 pewno\u015b\u0107 siebie i wiar\u0119 w swoje mo\u017cliwo\u015bci i cele. Chc\u0119, aby\u015b stan\u0105\u0142 w swojej mocy, mia\u0142 [&hellip;]<\/p>\n","protected":false},"author":1,"featured_media":0,"parent":2431,"menu_order":0,"comment_status":"closed","ping_status":"closed","template":"","meta":{"_jf_save_progress":"","_jf_limit_responses":"","footnotes":""},"class_list":["post-2433","page","type-page","status-publish","hentry"],"_links":{"self":[{"href":"https:\/\/yogiofnyc.com\/wp10\/wp-json\/wp\/v2\/pages\/2433","targetHints":{"allow":["GET"]}}],"collection":[{"href":"https:\/\/yogiofnyc.com\/wp10\/wp-json\/wp\/v2\/pages"}],"about":[{"href":"https:\/\/yogiofnyc.com\/wp10\/wp-json\/wp\/v2\/types\/page"}],"author":[{"embeddable":true,"href":"https:\/\/yogiofnyc.com\/wp10\/wp-json\/wp\/v2\/users\/1"}],"replies":[{"embeddable":true,"href":"https:\/\/yogiofnyc.com\/wp10\/wp-json\/wp\/v2\/comments?post=2433"}],"version-history":[{"count":4,"href":"https:\/\/yogiofnyc.com\/wp10\/wp-json\/wp\/v2\/pages\/2433\/revisions"}],"predecessor-version":[{"id":2437,"href":"https:\/\/yogiofnyc.com\/wp10\/wp-json\/wp\/v2\/pages\/2433\/revisions\/2437"}],"up":[{"embeddable":true,"href":"https:\/\/yogiofnyc.com\/wp10\/wp-json\/wp\/v2\/pages\/2431"}],"wp:attachment":[{"href":"https:\/\/yogiofnyc.com\/wp10\/wp-json\/wp\/v2\/media?parent=2433"}],"curies":[{"name":"wp","href":"https:\/\/api.w.org\/{rel}","templated":true}]}}