{"id":2333,"date":"2024-08-03T16:14:12","date_gmt":"2024-08-03T16:14:12","guid":{"rendered":"https:\/\/moonaramanight.com\/wp10\/?page_id=2333"},"modified":"2024-10-04T08:36:36","modified_gmt":"2024-10-04T08:36:36","slug":"kontakt","status":"publish","type":"page","link":"https:\/\/yogiofnyc.com\/wp10\/pl\/kontakt\/","title":{"rendered":"Kontakt"},"content":{"rendered":"\t\t<div data-elementor-type=\"wp-page\" data-elementor-id=\"2333\" class=\"elementor elementor-2333\" data-elementor-post-type=\"page\">\n\t\t\t\t<div class=\"elementor-element elementor-element-dc024df e-con-full e-flex e-con e-parent\" data-id=\"dc024df\" data-element_type=\"container\" id=\"custom-aboutmepage-hero-wrapper\" data-settings=\"{&quot;background_background&quot;:&quot;classic&quot;,&quot;jet_parallax_layout_list&quot;:[]}\">\n\t\t<div class=\"elementor-element elementor-element-6446a3e e-con-full e-flex e-con e-child\" data-id=\"6446a3e\" data-element_type=\"container\" data-settings=\"{&quot;jet_parallax_layout_list&quot;:[]}\">\n\t\t\t\t<div class=\"elementor-element elementor-element-e04dbe3 elementor-widget__width-inherit elementor-widget elementor-widget-heading\" data-id=\"e04dbe3\" data-element_type=\"widget\" data-widget_type=\"heading.default\">\n\t\t\t\t<div class=\"elementor-widget-container\">\n\t\t\t<style>\/*! elementor - v3.23.0 - 05-08-2024 *\/\n.elementor-heading-title{padding:0;margin:0;line-height:1}.elementor-widget-heading .elementor-heading-title[class*=elementor-size-]>a{color:inherit;font-size:inherit;line-height:inherit}.elementor-widget-heading .elementor-heading-title.elementor-size-small{font-size:15px}.elementor-widget-heading .elementor-heading-title.elementor-size-medium{font-size:19px}.elementor-widget-heading .elementor-heading-title.elementor-size-large{font-size:29px}.elementor-widget-heading .elementor-heading-title.elementor-size-xl{font-size:39px}.elementor-widget-heading .elementor-heading-title.elementor-size-xxl{font-size:59px}<\/style><h2 class=\"elementor-heading-title elementor-size-default\">Zapraszam do kontaktu<\/h2>\t\t<\/div>\n\t\t\t\t<\/div>\n\t\t\t\t<div class=\"elementor-element elementor-element-44b0fa6 animated-slow elementor-invisible elementor-widget elementor-widget-heading\" data-id=\"44b0fa6\" data-element_type=\"widget\" data-settings=\"{&quot;_animation&quot;:&quot;fadeInLeft&quot;}\" data-widget_type=\"heading.default\">\n\t\t\t\t<div class=\"elementor-widget-container\">\n\t\t\t<h2 class=\"elementor-heading-title elementor-size-default\">Napisz do mnie, je\u015bli chcesz um\u00f3wi\u0107 si\u0119 na rozmow\u0119 wst\u0119pn\u0105!<\/h2>\t\t<\/div>\n\t\t\t\t<\/div>\n\t\t\t\t<div class=\"elementor-element elementor-element-db02acb elementor-widget__width-inherit elementor-widget elementor-widget-jet-form-builder-form\" data-id=\"db02acb\" data-element_type=\"widget\" id=\"custom-jetform\" data-widget_type=\"jet-form-builder-form.default\">\n\t\t\t\t<div class=\"elementor-widget-container\">\n\t\t\t<link rel='stylesheet' id='wp-block-library-css' href='https:\/\/yogiofnyc.com\/wp10\/wp-includes\/css\/dist\/block-library\/style.min.css?ver=6.9.4' media='all' \/>\n<style id=\"jet-form-builder-2811-inline-css\"><\/style><form  class=\"jet-form-builder layout-column submit-type-reload\" action=\"https:\/\/yogiofnyc.com\/wp10\/wp-json\/wp\/v2\/pages\/2333\/?jet_form_builder_submit=submit&amp;method=reload\" method=\"POST\" data-form-id=\"2811\" data-layout=\"column\" enctype=\"multipart\/form-data\" novalidate=\"null\"><div style=\"transform: scale(0); position: absolute;\"><div class=\"jet-form-builder__field-wrap\">\n\t\t\t\t<input name=\"_jfb_email_hp_\" id=\"_jfb_email_hp_\" type=\"email\" data-field-name=\"_jfb_email_hp_\" class=\"jet-form-builder__field text-field\" data-jfb-sync=\"null\" autocomplete=\"nope\">\n\t\t\t\t\t<\/div><\/div><input type=\"hidden\" id=\"_wpnonce\" name=\"_wpnonce\" value=\"aa7298872f\" \/><input type=\"hidden\" name=\"_wp_http_referer\" value=\"\/wp10\/wp-json\/wp\/v2\/pages\/2333\" \/>\r\n<input type=\"hidden\" name=\"_jfb_current_render_states[]\" value=\"DEFAULT.STATE\" data-jfb-sync \/><input type=\"hidden\" class=\"jet-form-builder__field hidden-field\" name=\"_jet_engine_booking_form_id\" data-field-name=\"_jet_engine_booking_form_id\" value=\"2811\">\n<input type=\"hidden\" class=\"jet-form-builder__field hidden-field\" name=\"_jet_engine_refer\" data-field-name=\"_jet_engine_refer\" value=\"https:\/\/yogiofnyc.com\/wp10\/wp-json\/wp\/v2\/pages\/2333\/\">\n<input type=\"hidden\" class=\"jet-form-builder__field hidden-field\" name=\"__queried_post_id\" data-field-name=\"__queried_post_id\" value=\"2333\">\n<div  class=\"jet-form-builder-row field-type-text-field\" >\n<div class=\"jet-form-builder__label\">\r\n<div class=\"jet-form-builder__label-text\">Imi\u0119 i nazwisko <span class=\"jet-form-builder__required\">*<\/span><\/div><\/div><div class=\"jet-form-builder__field-wrap\">\n\t\t\t\t<input required=\"required\" name=\"Nazwisko\" id=\"Nazwisko\" type=\"text\" data-field-name=\"Nazwisko\" class=\"jet-form-builder__field text-field\" data-jfb-sync=\"null\">\n\t\t\t\t\t<\/div>\n<\/div><div  class=\"jet-form-builder-row field-type-text-field\" >\n<div class=\"jet-form-builder__label\">\r\n<div class=\"jet-form-builder__label-text\">E-mail <span class=\"jet-form-builder__required\">*<\/span><\/div><\/div><div class=\"jet-form-builder__field-wrap\">\n\t\t\t\t<input required=\"required\" name=\"E-mail\" id=\"E-mail\" type=\"email\" data-field-name=\"E-mail\" class=\"jet-form-builder__field text-field\" data-jfb-sync=\"null\">\n\t\t\t\t\t<\/div>\n<\/div><div  class=\"jet-form-builder-row field-type-radio-field wp-block-jet-forms-radio-field\">\n<div class=\"jet-form-builder__label\">\r\n<div class=\"jet-form-builder__label-text\">Czego potrzebujesz?<\/div><\/div><div class=\"jet-form-builder__fields-group checkradio-wrap\" data-jfb-sync><div class=\"jet-form-builder__field-wrap radio-wrap checkradio-wrap\"><label class=\"jet-form-builder__field-label for-radio\">\n<input type=\"radio\" name=\"radio\" value=\"15min_wstepnej_konsultacji\" data-field-name=\"radio\"  class=\"jet-form-builder__field radio-field checkradio-field custom-jet-form-radio\"><span>15 min wst\u0119pnej konsultacji<\/span><\/label><\/div><div class=\"jet-form-builder__field-wrap radio-wrap checkradio-wrap\"><label class=\"jet-form-builder__field-label for-radio\">\n<input type=\"radio\" name=\"radio\" value=\"2h_sesji_oddechowej\" data-field-name=\"radio\"  class=\"jet-form-builder__field radio-field checkradio-field custom-jet-form-radio\"><span>2h sesji oddechowej<\/span><\/label><\/div><div class=\"jet-form-builder__field-wrap radio-wrap checkradio-wrap\"><label class=\"jet-form-builder__field-label for-radio\">\n<input type=\"radio\" name=\"radio\" value=\"1h_sesji_coachingowej\" data-field-name=\"radio\"  class=\"jet-form-builder__field radio-field checkradio-field custom-jet-form-radio\"><span>1h sesji coachingowej<\/span><\/label><\/div><div class=\"jet-form-builder__field-wrap radio-wrap checkradio-wrap\"><label class=\"jet-form-builder__field-label for-radio\">\n<input type=\"radio\" name=\"radio\" value=\"Czegos_innego\" data-field-name=\"radio\"  class=\"jet-form-builder__field radio-field checkradio-field custom-jet-form-radio\"><span>Czego\u015b innego?<\/span><\/label><\/div><\/div>\n<\/div><div  class=\"jet-form-builder-row field-type-text-field\" >\n<div class=\"jet-form-builder__field-wrap\">\n\t\t\t\t<input name=\"dodatkowa_tresc\" id=\"dodatkowa_tresc\" type=\"text\" data-field-name=\"dodatkowa_tresc\" class=\"jet-form-builder__field text-field\" data-jfb-sync=\"null\">\n\t\t\t\t\t<\/div>\n<\/div><div  class=\"jet-form-builder-row field-type-submit-field\" >\n\t<div data-type=\"submit\" class=\"jet-form-builder__action-button-wrapper jet-form-builder__submit-wrap\">\n\t<button class=\"jet-form-builder__action-button jet-form-builder__submit submit-type-reload\" type=\"submit\">Wy\u015blij<\/button>\n\t<\/div>\n\t\n<\/div><p><\/p>\t<div class=\"jet-form-builder-messages-wrap\" data-form-id=\"2811\"><\/div>\n<\/form>\n\t\t<\/div>\n\t\t\t\t<\/div>\n\t\t\t\t<div class=\"elementor-element elementor-element-caa5fd7 elementor-widget__width-inherit elementor-hidden-desktop elementor-hidden-tablet elementor-hidden-mobile elementor-widget elementor-widget-jet-form-builder-form\" data-id=\"caa5fd7\" data-element_type=\"widget\" data-widget_type=\"jet-form-builder-form.default\">\n\t\t\t\t<div class=\"elementor-widget-container\">\n\t\t\t<style id=\"jet-form-builder-2339-inline-css\"><\/style><form  class=\"jet-form-builder layout-column submit-type-reload\" action=\"https:\/\/yogiofnyc.com\/wp10\/wp-json\/wp\/v2\/pages\/2333\/?jet_form_builder_submit=submit&amp;method=reload\" method=\"POST\" data-form-id=\"2339\" data-layout=\"column\" enctype=\"multipart\/form-data\" novalidate=\"null\"><div style=\"transform: scale(0); position: absolute;\"><div class=\"jet-form-builder__field-wrap\">\n\t\t\t\t<input name=\"_jfb_email_hp_\" id=\"_jfb_email_hp__1\" type=\"email\" data-field-name=\"_jfb_email_hp_\" class=\"jet-form-builder__field text-field\" data-jfb-sync=\"null\" autocomplete=\"nope\">\n\t\t\t\t\t<\/div><\/div><input type=\"hidden\" id=\"_wpnonce\" name=\"_wpnonce\" value=\"0450aeec42\" \/><input type=\"hidden\" name=\"_wp_http_referer\" value=\"\/wp10\/wp-json\/wp\/v2\/pages\/2333\" \/>\r\n<input type=\"hidden\" name=\"_jfb_current_render_states[]\" value=\"DEFAULT.STATE\" data-jfb-sync \/><input type=\"hidden\" class=\"jet-form-builder__field hidden-field\" name=\"_jet_engine_booking_form_id\" data-field-name=\"_jet_engine_booking_form_id\" value=\"2339\">\n<input type=\"hidden\" class=\"jet-form-builder__field hidden-field\" name=\"_jet_engine_refer\" data-field-name=\"_jet_engine_refer\" value=\"https:\/\/yogiofnyc.com\/wp10\/wp-json\/wp\/v2\/pages\/2333\/\">\n<input type=\"hidden\" class=\"jet-form-builder__field hidden-field\" name=\"__queried_post_id\" data-field-name=\"__queried_post_id\" value=\"2333\">\n<div  class=\"jet-form-builder-row field-type-text-field\" >\n<div class=\"jet-form-builder__label\">\r\n<div class=\"jet-form-builder__label-text\">Imi\u0119 i nazwisko <span class=\"jet-form-builder__required\">*<\/span><\/div><\/div><div class=\"jet-form-builder__field-wrap\">\n\t\t\t\t<input required=\"required\" name=\"Nazwisko\" id=\"Nazwisko_1\" type=\"text\" data-field-name=\"Nazwisko\" class=\"jet-form-builder__field text-field\" data-jfb-sync=\"null\">\n\t\t\t\t\t<\/div>\n<\/div><div  class=\"jet-form-builder-row field-type-text-field\" >\n<div class=\"jet-form-builder__label\">\r\n<div class=\"jet-form-builder__label-text\">E-mail <span class=\"jet-form-builder__required\">*<\/span><\/div><\/div><div class=\"jet-form-builder__field-wrap\">\n\t\t\t\t<input required=\"required\" name=\"E-mail\" id=\"E-mail_1\" type=\"email\" data-field-name=\"E-mail\" class=\"jet-form-builder__field text-field\" data-jfb-sync=\"null\">\n\t\t\t\t\t<\/div>\n<\/div><div  class=\"jet-form-builder-row field-type-textarea-field\" >\n<div class=\"jet-form-builder__label\">\r\n<div class=\"jet-form-builder__label-text\">Napisz wiadomo\u015b\u0107<\/div><\/div><div class=\"jet-form-builder__field-wrap\">\n\t\t<textarea class=\"jet-form-builder__field textarea-field\" name=\"wiadomosc\" data-field-name=\"wiadomosc\" id=\"wiadomosc\" data-jfb-sync=\"null\"><\/textarea>\n\t<\/div>\n<\/div><div  class=\"jet-form-builder-row field-type-submit-field\" >\n\t<div data-type=\"submit\" class=\"jet-form-builder__action-button-wrapper jet-form-builder__submit-wrap\">\n\t<button class=\"jet-form-builder__action-button jet-form-builder__submit submit-type-reload\" type=\"submit\">Wy\u015blij<\/button>\n\t<\/div>\n\t\n<\/div>\t<div class=\"jet-form-builder-messages-wrap\" data-form-id=\"2339\"><\/div>\n<\/form>\n\t\t<\/div>\n\t\t\t\t<\/div>\n\t\t\t\t<div class=\"elementor-element elementor-element-a13f0ba elementor-widget elementor-widget-text-editor\" data-id=\"a13f0ba\" data-element_type=\"widget\" data-widget_type=\"text-editor.default\">\n\t\t\t\t<div class=\"elementor-widget-container\">\n\t\t\t<style>\/*! elementor - v3.23.0 - 05-08-2024 *\/\n.elementor-widget-text-editor.elementor-drop-cap-view-stacked .elementor-drop-cap{background-color:#69727d;color:#fff}.elementor-widget-text-editor.elementor-drop-cap-view-framed .elementor-drop-cap{color:#69727d;border:3px solid;background-color:transparent}.elementor-widget-text-editor:not(.elementor-drop-cap-view-default) .elementor-drop-cap{margin-top:8px}.elementor-widget-text-editor:not(.elementor-drop-cap-view-default) .elementor-drop-cap-letter{width:1em;height:1em}.elementor-widget-text-editor .elementor-drop-cap{float:left;text-align:center;line-height:1;font-size:50px}.elementor-widget-text-editor .elementor-drop-cap-letter{display:inline-block}<\/style>\t\t\t\t<p>Ta witryna jest chroniona przez reCAPTCHA. Obowi\u0105zuje <a href=\"https:\/\/policies.google.com\/privacy\">Polityka prywatno\u015bci<\/a> i <a href=\"https:\/\/policies.google.com\/terms\">Warunki korzystania<\/a> z us\u0142ugi Google.<\/p>\t\t\t\t\t\t<\/div>\n\t\t\t\t<\/div>\n\t\t\t\t<\/div>\n\t\t<div class=\"elementor-element elementor-element-54eef34 e-con-full e-flex e-con e-child\" data-id=\"54eef34\" data-element_type=\"container\" id=\"custom-contactpage-image-wrapper\" data-settings=\"{&quot;background_background&quot;:&quot;classic&quot;,&quot;jet_parallax_layout_list&quot;:[]}\">\n\t\t\t\t<\/div>\n\t\t\t\t<\/div>\n\t\t\t\t<\/div>\n\t\t","protected":false},"excerpt":{"rendered":"<p>Zapraszam do kontaktu Napisz do mnie, je\u015bli chcesz um\u00f3wi\u0107 si\u0119 na rozmow\u0119 wst\u0119pn\u0105! Imi\u0119 i nazwisko * E-mail * radio 15 min wst\u0119pnej konsultacji 2h sesji oddechowej 1h sesji coachingowej Czego\u015b innego? Wy\u015blij Imi\u0119 i nazwisko * E-mail * Napisz wiadomo\u015b\u0107 Wy\u015blij Ta witryna jest chroniona przez reCAPTCHA. Obowi\u0105zuje Polityka prywatno\u015bci i Warunki korzystania z [&hellip;]<\/p>\n","protected":false},"author":1,"featured_media":0,"parent":0,"menu_order":3,"comment_status":"closed","ping_status":"closed","template":"","meta":{"_jf_save_progress":"","_jf_limit_responses":"","footnotes":""},"class_list":["post-2333","page","type-page","status-publish","hentry"],"_links":{"self":[{"href":"https:\/\/yogiofnyc.com\/wp10\/wp-json\/wp\/v2\/pages\/2333","targetHints":{"allow":["GET"]}}],"collection":[{"href":"https:\/\/yogiofnyc.com\/wp10\/wp-json\/wp\/v2\/pages"}],"about":[{"href":"https:\/\/yogiofnyc.com\/wp10\/wp-json\/wp\/v2\/types\/page"}],"author":[{"embeddable":true,"href":"https:\/\/yogiofnyc.com\/wp10\/wp-json\/wp\/v2\/users\/1"}],"replies":[{"embeddable":true,"href":"https:\/\/yogiofnyc.com\/wp10\/wp-json\/wp\/v2\/comments?post=2333"}],"version-history":[{"count":10,"href":"https:\/\/yogiofnyc.com\/wp10\/wp-json\/wp\/v2\/pages\/2333\/revisions"}],"predecessor-version":[{"id":2819,"href":"https:\/\/yogiofnyc.com\/wp10\/wp-json\/wp\/v2\/pages\/2333\/revisions\/2819"}],"wp:attachment":[{"href":"https:\/\/yogiofnyc.com\/wp10\/wp-json\/wp\/v2\/media?parent=2333"}],"curies":[{"name":"wp","href":"https:\/\/api.w.org\/{rel}","templated":true}]}}