{"id":2282,"date":"2024-08-03T12:50:00","date_gmt":"2024-08-03T12:50:00","guid":{"rendered":"https:\/\/moonaramanight.com\/wp10\/?page_id=2282"},"modified":"2024-10-19T16:35:46","modified_gmt":"2024-10-19T16:35:46","slug":"o-mnie","status":"publish","type":"page","link":"https:\/\/yogiofnyc.com\/wp10\/pl\/o-mnie\/","title":{"rendered":"O mnie"},"content":{"rendered":"\t\t<div data-elementor-type=\"wp-page\" data-elementor-id=\"2282\" class=\"elementor elementor-2282\" data-elementor-post-type=\"page\">\n\t\t\t\t<div class=\"elementor-element elementor-element-dc024df e-con-full e-flex e-con e-parent\" data-id=\"dc024df\" data-element_type=\"container\" id=\"custom-aboutmepage-hero-wrapper\" data-settings=\"{&quot;background_background&quot;:&quot;classic&quot;,&quot;jet_parallax_layout_list&quot;:[]}\">\n\t\t<div class=\"elementor-element elementor-element-6446a3e e-con-full e-flex e-con e-child\" data-id=\"6446a3e\" data-element_type=\"container\" data-settings=\"{&quot;jet_parallax_layout_list&quot;:[]}\">\n\t\t\t\t<div class=\"elementor-element elementor-element-e04dbe3 elementor-widget__width-inherit elementor-widget elementor-widget-heading\" data-id=\"e04dbe3\" data-element_type=\"widget\" data-widget_type=\"heading.default\">\n\t\t\t\t<div class=\"elementor-widget-container\">\n\t\t\t<style>\/*! elementor - v3.23.0 - 05-08-2024 *\/\n.elementor-heading-title{padding:0;margin:0;line-height:1}.elementor-widget-heading .elementor-heading-title[class*=elementor-size-]>a{color:inherit;font-size:inherit;line-height:inherit}.elementor-widget-heading .elementor-heading-title.elementor-size-small{font-size:15px}.elementor-widget-heading .elementor-heading-title.elementor-size-medium{font-size:19px}.elementor-widget-heading .elementor-heading-title.elementor-size-large{font-size:29px}.elementor-widget-heading .elementor-heading-title.elementor-size-xl{font-size:39px}.elementor-widget-heading .elementor-heading-title.elementor-size-xxl{font-size:59px}<\/style><h2 class=\"elementor-heading-title elementor-size-default\">o mnie<\/h2>\t\t<\/div>\n\t\t\t\t<\/div>\n\t\t\t\t<div class=\"elementor-element elementor-element-db5bcf1 elementor-invisible elementor-widget elementor-widget-heading\" data-id=\"db5bcf1\" data-element_type=\"widget\" data-settings=\"{&quot;_animation&quot;:&quot;fadeInLeft&quot;}\" data-widget_type=\"heading.default\">\n\t\t\t\t<div class=\"elementor-widget-container\">\n\t\t\t<h1 class=\"elementor-heading-title elementor-size-default\">PAULINA PODBIE\u0141\u0141O<\/h1>\t\t<\/div>\n\t\t\t\t<\/div>\n\t\t\t\t<div class=\"elementor-element elementor-element-44b0fa6 animated-slow elementor-invisible elementor-widget elementor-widget-heading\" data-id=\"44b0fa6\" data-element_type=\"widget\" data-settings=\"{&quot;_animation&quot;:&quot;fadeInLeft&quot;}\" data-widget_type=\"heading.default\">\n\t\t\t\t<div class=\"elementor-widget-container\">\n\t\t\t<h2 class=\"elementor-heading-title elementor-size-default\">Nauczycielka Jogi, Medytacji i \u015awiadomego Oddechu.<\/h2>\t\t<\/div>\n\t\t\t\t<\/div>\n\t\t\t\t<div class=\"elementor-element elementor-element-1815982 elementor-widget elementor-widget-text-editor\" data-id=\"1815982\" data-element_type=\"widget\" data-widget_type=\"text-editor.default\">\n\t\t\t\t<div class=\"elementor-widget-container\">\n\t\t\t<style>\/*! elementor - v3.23.0 - 05-08-2024 *\/\n.elementor-widget-text-editor.elementor-drop-cap-view-stacked .elementor-drop-cap{background-color:#69727d;color:#fff}.elementor-widget-text-editor.elementor-drop-cap-view-framed .elementor-drop-cap{color:#69727d;border:3px solid;background-color:transparent}.elementor-widget-text-editor:not(.elementor-drop-cap-view-default) .elementor-drop-cap{margin-top:8px}.elementor-widget-text-editor:not(.elementor-drop-cap-view-default) .elementor-drop-cap-letter{width:1em;height:1em}.elementor-widget-text-editor .elementor-drop-cap{float:left;text-align:center;line-height:1;font-size:50px}.elementor-widget-text-editor .elementor-drop-cap-letter{display:inline-block}<\/style>\t\t\t\t<p>Ostatnie 12 lat sp\u0119dzi\u0142am w Nowym Jorku, gdzie pracowa\u0142am i uczy\u0142am si\u0119 od najlepszych holistycznych nauczycieli, takich jak Guru Jagat, Lama Ole Nydahl, posiadam 200 YTT z Nowojorskiego Bhakti Center i jestem Facylitatorem Neurodynamicznego Oddychania metody &#8211; Michaela Stone. Dodatkowo mam liczne kursy i certyfikaty od innych nauczycieli kt\u00f3rzy zainspirowali mnie aby stworzy\u0107 autorskie programy i sesje dla moich uczni\u00f3w i klient\u00f3w.<\/p>\t\t\t\t\t\t<\/div>\n\t\t\t\t<\/div>\n\t\t\t\t<div class=\"elementor-element elementor-element-f18a240 elementor-widget elementor-widget-text-editor\" data-id=\"f18a240\" data-element_type=\"widget\" data-widget_type=\"text-editor.default\">\n\t\t\t\t<div class=\"elementor-widget-container\">\n\t\t\t\t\t\t\t<p><strong>MISJA<\/strong><br \/>Moj\u0105 misj\u0105 jest wspieranie harmonijnego i zr\u00f3wnowa\u017conego stylu \u017cycia, kt\u00f3ry \u0142\u0105czy cia\u0142o, umys\u0142 i ducha. Oferuj\u0119 praktyk\u0119 jogi, medytacje i prac\u0119 z oddechem. Jednocze\u015bnie \u0142\u0105cz\u0105c ludzi, aby tworzy\u0107 wspieraj\u0105ce \u015brodowisko do odzyskania wewn\u0119trznej mocy.<\/p><p><strong>WIZJA<\/strong><br \/>Chc\u0119 stworzy\u0107 rozpoznawaln\u0105 i holistyczn\u0105 mark\u0119, kt\u00f3ra podkre\u015bla Twoje wewn\u0119trzne zasoby do samouzdrawiania. Natomiast moim celem jest rozwijanie \u015bwiadomej spo\u0142eczno\u015bci, kt\u00f3ra b\u0119dzie zna\u0142a odpowiednie narz\u0119dzia, techniki i metody do samodzielnego zadbania o siebie ka\u017cdego dnia.<\/p><p><strong>WARTO\u015aCI<\/strong><br \/>MI\u0141O\u015a\u0106, WOLNO\u015a\u0106, SPOK\u00d3J<\/p>\t\t\t\t\t\t<\/div>\n\t\t\t\t<\/div>\n\t\t\t\t<\/div>\n\t\t<div class=\"elementor-element elementor-element-54eef34 e-con-full e-flex e-con e-child\" data-id=\"54eef34\" data-element_type=\"container\" data-settings=\"{&quot;background_background&quot;:&quot;classic&quot;,&quot;jet_parallax_layout_list&quot;:[]}\">\n\t\t\t\t<\/div>\n\t\t\t\t<\/div>\n\t\t<div class=\"elementor-element elementor-element-4135913 e-con-full e-flex e-con e-parent\" data-id=\"4135913\" data-element_type=\"container\" data-settings=\"{&quot;background_background&quot;:&quot;classic&quot;,&quot;jet_parallax_layout_list&quot;:[]}\">\n\t\t<div class=\"elementor-element elementor-element-c88ad8d e-con-full e-flex e-con e-child\" data-id=\"c88ad8d\" data-element_type=\"container\" data-settings=\"{&quot;jet_parallax_layout_list&quot;:[]}\">\n\t\t\t\t<div class=\"elementor-element elementor-element-20fed67 elementor-widget elementor-widget-text-editor\" data-id=\"20fed67\" data-element_type=\"widget\" data-settings=\"{&quot;_animation_mobile&quot;:&quot;fadeInLeft&quot;}\" data-widget_type=\"text-editor.default\">\n\t\t\t\t<div class=\"elementor-widget-container\">\n\t\t\t\t\t\t\t<p>DLACZEGO TO ROBI\u0118?<\/p>\t\t\t\t\t\t<\/div>\n\t\t\t\t<\/div>\n\t\t\t\t<\/div>\n\t\t<div class=\"elementor-element elementor-element-04c6bee e-con-full e-flex e-con e-child\" data-id=\"04c6bee\" data-element_type=\"container\" data-settings=\"{&quot;jet_parallax_layout_list&quot;:[]}\">\n\t\t\t\t<div class=\"elementor-element elementor-element-ce22a78 elementor-widget elementor-widget-text-editor\" data-id=\"ce22a78\" data-element_type=\"widget\" data-settings=\"{&quot;_animation_mobile&quot;:&quot;fadeInUp&quot;}\" data-widget_type=\"text-editor.default\">\n\t\t\t\t<div class=\"elementor-widget-container\">\n\t\t\t\t\t\t\t<p>W okresie nastoletnim rozpocz\u0119\u0142am poszukiwania swojej prawdy \u017cyciowej. Szuka\u0142am odpowiedzi w r\u00f3\u017cnych wierzeniach i praktykach zar\u00f3wno zachodnich jak i wschodnich. Moja wrodzona ciekawo\u015b\u0107 i poszukiwanie PRAWDY zaprowadzi\u0142y mnie w wiele miejsc mojego \u017cycia. Jednak zawsze stara\u0142am si\u0119 podejmowa\u0107 decyzje w zgodzie ze swoj\u0105 intuicj\u0105 i stale poszerzan\u0105 wiedz\u0105. Zdobycie tak szerokiego do\u015bwiadczenia w wielu obszarach rozwojowych pozwoli\u0142o mi stworzy\u0107 map\u0119 dzia\u0142ania. Zawieraj\u0105c\u0105 efektywne narz\u0119dzia do samoregulacji w\u0142asnego umys\u0142u, cia\u0142a i ducha. Odk\u0105d pami\u0119tam w moim \u017cyciu my\u015bl\u0105 przewodni\u0105 by\u0142o przebudzenie ludzi i odkrywanie ich pe\u0142ni potencja\u0142u. Dlatego ca\u0142y proces prowadz\u0119 w spos\u00f3b bezpieczny i adekwatny do mo\u017cliwo\u015bci drugiej osoby.<\/p>\t\t\t\t\t\t<\/div>\n\t\t\t\t<\/div>\n\t\t\t\t<\/div>\n\t\t\t\t<\/div>\n\t\t<div class=\"elementor-element elementor-element-daffc57 e-con-full e-flex e-con e-parent\" data-id=\"daffc57\" data-element_type=\"container\" data-settings=\"{&quot;jet_parallax_layout_list&quot;:[]}\">\n\t\t<div class=\"elementor-element elementor-element-c8aa519 e-con-full e-flex e-con e-child\" data-id=\"c8aa519\" data-element_type=\"container\" data-settings=\"{&quot;jet_parallax_layout_list&quot;:[]}\">\n\t\t\t\t<div class=\"elementor-element elementor-element-0174af5 elementor-widget elementor-widget-text-editor\" data-id=\"0174af5\" data-element_type=\"widget\" data-settings=\"{&quot;_animation_mobile&quot;:&quot;fadeInLeft&quot;}\" data-widget_type=\"text-editor.default\">\n\t\t\t\t<div class=\"elementor-widget-container\">\n\t\t\t\t\t\t\t<p>Z KIM PRACUJ\u0118?<\/p>\t\t\t\t\t\t<\/div>\n\t\t\t\t<\/div>\n\t\t\t\t<\/div>\n\t\t<div class=\"elementor-element elementor-element-2b62db2 e-con-full e-flex e-con e-child\" data-id=\"2b62db2\" data-element_type=\"container\" data-settings=\"{&quot;jet_parallax_layout_list&quot;:[]}\">\n\t\t\t\t<div class=\"elementor-element elementor-element-e8facb6 elementor-widget elementor-widget-text-editor\" data-id=\"e8facb6\" data-element_type=\"widget\" data-settings=\"{&quot;_animation_mobile&quot;:&quot;fadeInUp&quot;}\" data-widget_type=\"text-editor.default\">\n\t\t\t\t<div class=\"elementor-widget-container\">\n\t\t\t\t\t\t\t<p>Wspieram g\u0142\u00f3wnie kobiety ale te\u017c m\u0119\u017cczyzn kt\u00f3rzy s\u0105 otwarci i gotowi na prac\u0119 aktywuj\u0105c ich dzieci\u0119c\u0105 energi\u0119 i rado\u015b\u0107 poprzez odblokowanie w ten spos\u00f3b ich Wy\u017cszego Ja. Za spraw\u0105 tego mog\u0105 one \/oni poszerzy\u0107 swoj\u0105 \u015bwiadomo\u015b\u0107 i zobaczy\u0107, kim naprawd\u0119 s\u0105. Ca\u0142y proces odbywa si\u0119 w spos\u00f3b naturalny i jest wolny od \u015bci\u015ble okre\u015blonych ram. Dzi\u0119ki temu jestem w stanie dobra\u0107 takie narz\u0119dzia, techniki i metody, kt\u00f3re s\u0105 najbardziej potrzebne na danym etapie. Zatem ca\u0142a wsp\u00f3\u0142praca opiera si\u0119 na wzmacnianiu pozytywnych wzorc\u00f3w, aby dbanie o siebie sta\u0142o si\u0119 naturalnym elementem \u017cycia.<\/p>\t\t\t\t\t\t<\/div>\n\t\t\t\t<\/div>\n\t\t\t\t<\/div>\n\t\t\t\t<\/div>\n\t\t<div class=\"elementor-element elementor-element-066caa3 e-con-full e-flex e-con e-parent\" data-id=\"066caa3\" data-element_type=\"container\" data-settings=\"{&quot;background_background&quot;:&quot;classic&quot;,&quot;jet_parallax_layout_list&quot;:[]}\">\n\t\t<div class=\"elementor-element elementor-element-1fa54f2 e-con-full elementor-hidden-desktop elementor-hidden-tablet elementor-hidden-mobile e-flex e-con e-child\" data-id=\"1fa54f2\" data-element_type=\"container\" data-settings=\"{&quot;jet_parallax_layout_list&quot;:[]}\">\n\t\t\t\t<div class=\"elementor-element elementor-element-0f899cb elementor-widget elementor-widget-text-editor\" data-id=\"0f899cb\" data-element_type=\"widget\" data-settings=\"{&quot;_animation_mobile&quot;:&quot;fadeInLeft&quot;}\" data-widget_type=\"text-editor.default\">\n\t\t\t\t<div class=\"elementor-widget-container\">\n\t\t\t\t\t\t\t<p>MOJA HISTORIA<\/p>\t\t\t\t\t\t<\/div>\n\t\t\t\t<\/div>\n\t\t\t\t<\/div>\n\t\t<div class=\"elementor-element elementor-element-d2c2538 e-con-full e-flex e-con e-child\" data-id=\"d2c2538\" data-element_type=\"container\" data-settings=\"{&quot;jet_parallax_layout_list&quot;:[]}\">\n\t\t\t\t<div class=\"elementor-element elementor-element-d89b400 elementor-widget elementor-widget-text-editor\" data-id=\"d89b400\" data-element_type=\"widget\" data-settings=\"{&quot;_animation_mobile&quot;:&quot;zoomIn&quot;}\" data-widget_type=\"text-editor.default\">\n\t\t\t\t<div class=\"elementor-widget-container\">\n\t\t\t\t\t\t\t<p>Je\u015bli czujesz, \u017ce jeste\u015b w swoim \u017cyciu na rozdro\u017cu, szukasz alternatywnych form praktyki lub chcesz pog\u0142\u0119bi\u0107 aktualne metody to serdecznie zapraszam Ci\u0119 do rozgoszczenia si\u0119 w tej przestrzeni. W\u0142a\u015bnie tam gdzie inni cz\u0119sto ko\u0144cz\u0105 swoj\u0105 prac\u0119 z klientem ja j\u0105 rozpoczynam. Dlatego zaufaj procesowi, kt\u00f3ry zach\u0119ci\u0142 Ci\u0119 do odwiedzenia mojej strony. Odwa\u017c si\u0119 zrobi\u0107 nast\u0119pny krok i zapisz si\u0119 na konsultacj\u0119<\/p>\t\t\t\t\t\t<\/div>\n\t\t\t\t<\/div>\n\t\t\t\t<div class=\"elementor-element elementor-element-e24068d animated-slow elementor-invisible elementor-widget elementor-widget-jet-button\" data-id=\"e24068d\" data-element_type=\"widget\" data-settings=\"{&quot;_animation&quot;:&quot;fadeIn&quot;,&quot;_animation_delay&quot;:500}\" data-widget_type=\"jet-button.default\">\n\t\t\t\t<div class=\"elementor-widget-container\">\n\t\t\t<div class=\"elementor-jet-button jet-elements\"><div class=\"jet-button__container\">\n\t<a class=\"jet-button__instance jet-button__instance--icon-left hover-effect-0\" href=\"https:\/\/yogiofnyc.com\/wp10\/pl\/kontakt\/\">\n\t\t<div class=\"jet-button__plane jet-button__plane-normal\"><\/div>\n\t\t<div class=\"jet-button__plane jet-button__plane-hover\"><\/div>\n\t\t<div class=\"jet-button__state jet-button__state-normal\">\n\t\t\t<span class=\"jet-button__label\">zapisz si\u0119 na konsultacj\u0119<\/span>\t\t<\/div>\n\t\t<div class=\"jet-button__state jet-button__state-hover\">\n\t\t\t<span class=\"jet-button__label\">zapisz si\u0119 na konsultacj\u0119<\/span>\t\t<\/div>\n\t<\/a>\n<\/div>\n<\/div>\t\t<\/div>\n\t\t\t\t<\/div>\n\t\t\t\t<\/div>\n\t\t\t\t<\/div>\n\t\t<div class=\"elementor-element elementor-element-da664b4 e-con-full e-flex e-con e-parent\" data-id=\"da664b4\" data-element_type=\"container\" data-settings=\"{&quot;jet_parallax_layout_list&quot;:[]}\">\n\t\t\t\t<div class=\"elementor-element elementor-element-7cd8003 elementor-widget elementor-widget-jet-image-accordion\" data-id=\"7cd8003\" data-element_type=\"widget\" data-widget_type=\"jet-image-accordion.default\">\n\t\t\t\t<div class=\"elementor-widget-container\">\n\t\t\t<div class=\"elementor-jet-image-accordion jet-tabs-addons\"><div class=\"jet-image-accordion jet-image-accordion--orientation jet-image-accordion-circ-ease\" role=\"tablist\" data-settings=\"{&quot;orientation&quot;:null,&quot;activeSize&quot;:{&quot;unit&quot;:&quot;%&quot;,&quot;size&quot;:50,&quot;sizes&quot;:[]},&quot;duration&quot;:500,&quot;activeItem&quot;:-1}\">\n\t<div class=\"jet-image-accordion__list\">\n<div class=\"jet-image-accordion__item\" role=\"tab\" aria-selected=\"false\" tabindex=\"0\">\n<img decoding=\"async\" class=\"jet-image-accordion__image-instance\" src=\"https:\/\/yogiofnyc.com\/wp10\/wp-content\/uploads\/2024\/07\/IMG_3511.webp\" alt=\"IMG_3511\">\t<div class=\"jet-image-accordion__content\"><\/div>\n\t<div class=\"jet-image-accordion__item-loader\"><span><\/span><\/div>\n<\/div>\n<div class=\"jet-image-accordion__item\" role=\"tab\" aria-selected=\"false\" tabindex=\"0\">\n<img decoding=\"async\" class=\"jet-image-accordion__image-instance\" src=\"https:\/\/yogiofnyc.com\/wp10\/wp-content\/uploads\/2024\/07\/dsc02363.webp\" alt=\"dsc02363\">\t<div class=\"jet-image-accordion__content\"><\/div>\n\t<div class=\"jet-image-accordion__item-loader\"><span><\/span><\/div>\n<\/div>\n<div class=\"jet-image-accordion__item\" role=\"tab\" aria-selected=\"false\" tabindex=\"0\">\n<img decoding=\"async\" class=\"jet-image-accordion__image-instance\" src=\"https:\/\/yogiofnyc.com\/wp10\/wp-content\/uploads\/2024\/07\/yoga.webp\" alt=\"yoga\">\t<div class=\"jet-image-accordion__content\"><\/div>\n\t<div class=\"jet-image-accordion__item-loader\"><span><\/span><\/div>\n<\/div>\n<div class=\"jet-image-accordion__item\" role=\"tab\" aria-selected=\"false\" tabindex=\"0\">\n<img decoding=\"async\" class=\"jet-image-accordion__image-instance\" src=\"https:\/\/yogiofnyc.com\/wp10\/wp-content\/uploads\/2024\/07\/DSC_0584.webp\" alt=\"DSC_0584\">\t<div class=\"jet-image-accordion__content\"><\/div>\n\t<div class=\"jet-image-accordion__item-loader\"><span><\/span><\/div>\n<\/div>\n<div class=\"jet-image-accordion__item\" role=\"tab\" aria-selected=\"false\" tabindex=\"0\">\n<img decoding=\"async\" class=\"jet-image-accordion__image-instance\" src=\"https:\/\/yogiofnyc.com\/wp10\/wp-content\/uploads\/2024\/07\/IMG_8425.webp\" alt=\"IMG_8425\">\t<div class=\"jet-image-accordion__content\"><\/div>\n\t<div class=\"jet-image-accordion__item-loader\"><span><\/span><\/div>\n<\/div>\n<div class=\"jet-image-accordion__item\" role=\"tab\" aria-selected=\"false\" tabindex=\"0\">\n<img decoding=\"async\" class=\"jet-image-accordion__image-instance\" src=\"https:\/\/yogiofnyc.com\/wp10\/wp-content\/uploads\/2024\/07\/IMG_2355.webp\" alt=\"IMG_2355\">\t<div class=\"jet-image-accordion__content\"><\/div>\n\t<div class=\"jet-image-accordion__item-loader\"><span><\/span><\/div>\n<\/div>\n<\/div>\n<\/div>\n<\/div>\t\t<\/div>\n\t\t\t\t<\/div>\n\t\t\t\t<\/div>\n\t\t\t\t<\/div>\n\t\t","protected":false},"excerpt":{"rendered":"<p>o mnie PAULINA PODBIE\u0141\u0141O Nauczycielka Jogi, Medytacji i \u015awiadomego Oddechu. Ostatnie 12 lat sp\u0119dzi\u0142am w Nowym Jorku, gdzie pracowa\u0142am i uczy\u0142am si\u0119 od najlepszych holistycznych nauczycieli, takich jak Guru Jagat, Lama Ole Nydahl, posiadam 200 YTT z Nowojorskiego Bhakti Center i jestem Facylitatorem Neurodynamicznego Oddychania metody &#8211; Michaela Stone. Dodatkowo mam liczne kursy i certyfikaty [&hellip;]<\/p>\n","protected":false},"author":1,"featured_media":0,"parent":0,"menu_order":1,"comment_status":"closed","ping_status":"closed","template":"","meta":{"_jf_save_progress":"","_jf_limit_responses":"","footnotes":""},"class_list":["post-2282","page","type-page","status-publish","hentry"],"_links":{"self":[{"href":"https:\/\/yogiofnyc.com\/wp10\/wp-json\/wp\/v2\/pages\/2282","targetHints":{"allow":["GET"]}}],"collection":[{"href":"https:\/\/yogiofnyc.com\/wp10\/wp-json\/wp\/v2\/pages"}],"about":[{"href":"https:\/\/yogiofnyc.com\/wp10\/wp-json\/wp\/v2\/types\/page"}],"author":[{"embeddable":true,"href":"https:\/\/yogiofnyc.com\/wp10\/wp-json\/wp\/v2\/users\/1"}],"replies":[{"embeddable":true,"href":"https:\/\/yogiofnyc.com\/wp10\/wp-json\/wp\/v2\/comments?post=2282"}],"version-history":[{"count":28,"href":"https:\/\/yogiofnyc.com\/wp10\/wp-json\/wp\/v2\/pages\/2282\/revisions"}],"predecessor-version":[{"id":3115,"href":"https:\/\/yogiofnyc.com\/wp10\/wp-json\/wp\/v2\/pages\/2282\/revisions\/3115"}],"wp:attachment":[{"href":"https:\/\/yogiofnyc.com\/wp10\/wp-json\/wp\/v2\/media?parent=2282"}],"curies":[{"name":"wp","href":"https:\/\/api.w.org\/{rel}","templated":true}]}}